{"id":1956,"date":"2018-05-04T11:38:59","date_gmt":"2018-05-04T09:38:59","guid":{"rendered":"http:\/\/wordpress.aquaquinta.com\/?page_id=1956"},"modified":"2024-02-01T08:57:34","modified_gmt":"2024-02-01T07:57:34","slug":"optimale-klaenge-2","status":"publish","type":"page","link":"https:\/\/www.aquaquinta.com\/en\/links\/optimale-klaenge-2\/","title":{"rendered":"Optimal sounds"},"content":{"rendered":"<div id='av_section_1'  class='avia-section main_color avia-section-large avia-no-border-styling  avia-full-stretch av-section-color-overlay-active avia-bg-style-scroll  avia-builder-el-0  el_before_av_textblock  avia-builder-el-first   container_wrap sidebar_right' style='background-repeat: no-repeat; background-image: url(https:\/\/www.aquaquinta.com\/wp-content\/uploads\/2018\/04\/home-slider-1.jpg);background-attachment: scroll; background-position: center center;  '  data-section-bg-repeat='stretch'><div class='av-section-color-overlay-wrap'><div class='av-section-color-overlay' style='opacity: 0.4; background-color: #000000; '><\/div><div class='container' ><main  role=\"main\" itemprop=\"mainContentOfPage\"  class='template-page content  av-content-small alpha units'><div class='post-entry post-entry-type-page post-entry-1956'><div class='entry-content-wrapper clearfix'>\n\n<\/div><\/div><\/main><!-- close content main element --><\/div><\/div><\/div><div id='after_section_1'  class='main_color av_default_container_wrap container_wrap sidebar_right' style=' '  ><div class='container' ><div class='template-page content  av-content-small alpha units'><div class='post-entry post-entry-type-page post-entry-1956'><div class='entry-content-wrapper clearfix'>\n<section class=\"av_textblock_section \"  itemscope=\"itemscope\" itemtype=\"https:\/\/schema.org\/CreativeWork\" ><div class='avia_textblock  '   itemprop=\"text\" ><div class=\"oSioSc\">\n<div id=\"tw-target\">\n<div id=\"tw-target-text-container\" class=\"tw-ta-container tw-nfl\">\n<h3 id=\"tw-target-text\" class=\"tw-data-text tw-ta tw-text-medium\" style=\"text-align: center;\" data-placeholder=\"\u00dcbersetzung\"><strong><span lang=\"en\">Optimal sounds<\/span><\/strong><\/h3>\n<\/div>\n<\/div>\n<\/div>\n<\/div><\/section>\n<div  style='height:30px' class='hr hr-invisible   avia-builder-el-3  el_after_av_textblock  el_before_av_two_third '><span class='hr-inner ' ><span class='hr-inner-style'><\/span><\/span><\/div>\n<div class=\"flex_column av_two_third  flex_column_div av-zero-column-padding first  avia-builder-el-4  el_after_av_hr  el_before_av_one_third  \" style='border-radius:0px; '><section class=\"av_textblock_section \"  itemscope=\"itemscope\" itemtype=\"https:\/\/schema.org\/CreativeWork\" ><div class='avia_textblock  '   itemprop=\"text\" ><div class=\"oSioSc\">\n<div id=\"tw-target\">\n<div id=\"tw-target-text-container\" class=\"tw-ta-container tw-nfl\">\n<p id=\"tw-target-text\" class=\"tw-data-text tw-ta tw-text-medium\" data-placeholder=\"\u00dcbersetzung\"><strong><span lang=\"en\">Mundus natural sound converter<\/span><\/strong><\/p>\n<p data-placeholder=\"\u00dcbersetzung\">To get the best possible sound from your played heart rate variability the Mundus natural sound converter is a brilliant complement to Sound of Soul.<\/p>\n<p data-placeholder=\"\u00dcbersetzung\">The staf from Aquaquinta have used the natural sound converter since years and can with all our heart recommend you \u00a0to indulge your self an make use of this audio system.<\/p>\n<p data-placeholder=\"\u00dcbersetzung\">Further information you can get under our long term partner Elodia: <a href=\"http:\/\/www.elodia.ch\/\">www.elodia.ch<\/a><\/p>\n<\/div>\n<\/div>\n<\/div>\n<p><strong>Mundus Naturschallwandler<\/strong><\/p>\n<p>Um die, von der eigenen Herzratenvariabilit\u00e4t angespielten Kl\u00e4nge bestm\u00f6glich wiederzugeben und erleben zu k\u00f6nnen sind die Naturschallwandler von Mundus eine wundervolle Erg\u00e4nzung zu Sound of Soul.<\/p>\n<p>Wir von Aquaquinta verwenden seit Jahren die Naturschallwandler und k\u00f6nnen es allen Freunden wirklich ans Herz legen sich mit dem, f\u00fcr uns besten Audiosystem, zu verw\u00f6hnen.<\/p>\n<p>Weitere Informationen erhalten Sie bei unserem langj\u00e4hrigen Partner Elodia. <a href=\"http:\/\/www.elodia.ch\/\">www.elodia.ch<\/a><\/p>\n<\/div><\/section><\/div><div class=\"flex_column av_one_third  flex_column_div av-zero-column-padding   avia-builder-el-6  el_after_av_two_third  avia-builder-el-last  \" style='border-radius:0px; '><div  class='avia-image-container  av-styling-    avia-builder-el-7  avia-builder-el-no-sibling  avia-align-center '  itemprop=\"image\" itemscope=\"itemscope\" itemtype=\"https:\/\/schema.org\/ImageObject\"  ><div class='avia-image-container-inner'><div class='avia-image-overlay-wrap'><img decoding=\"async\" class='wp-image-1649 avia-img-lazy-loading-not-1649 avia_image' src=\"https:\/\/www.aquaquinta.com\/wp-content\/uploads\/2018\/05\/kegel-sunray.jpg\" alt='' title='kegel-sunray' height=\"713\" width=\"800\"  itemprop=\"thumbnailUrl\" srcset=\"https:\/\/www.aquaquinta.com\/wp-content\/uploads\/2018\/05\/kegel-sunray.jpg 800w, https:\/\/www.aquaquinta.com\/wp-content\/uploads\/2018\/05\/kegel-sunray-300x267.jpg 300w, https:\/\/www.aquaquinta.com\/wp-content\/uploads\/2018\/05\/kegel-sunray-768x684.jpg 768w, https:\/\/www.aquaquinta.com\/wp-content\/uploads\/2018\/05\/kegel-sunray-705x628.jpg 705w, https:\/\/www.aquaquinta.com\/wp-content\/uploads\/2018\/05\/kegel-sunray-450x401.jpg 450w\" sizes=\"(max-width: 800px) 100vw, 800px\" \/><\/div><\/div><\/div><\/div><\/p>\n","protected":false},"excerpt":{"rendered":"","protected":false},"author":1,"featured_media":0,"parent":1952,"menu_order":40,"comment_status":"closed","ping_status":"closed","template":"","meta":{"footnotes":""},"class_list":["post-1956","page","type-page","status-publish","hentry"],"yoast_head":"<!-- This site is optimized with the Yoast SEO plugin v27.4 - https:\/\/yoast.com\/product\/yoast-seo-wordpress\/ -->\n<title>Optimal sounds - aquaquinta.com<\/title>\n<meta name=\"robots\" content=\"index, follow, max-snippet:-1, max-image-preview:large, max-video-preview:-1\" \/>\n<link rel=\"canonical\" href=\"https:\/\/www.aquaquinta.com\/en\/links\/optimale-klaenge-2\/\" \/>\n<meta property=\"og:locale\" content=\"en_US\" \/>\n<meta property=\"og:type\" content=\"article\" \/>\n<meta property=\"og:title\" content=\"Optimal sounds - aquaquinta.com\" \/>\n<meta property=\"og:url\" content=\"https:\/\/www.aquaquinta.com\/en\/links\/optimale-klaenge-2\/\" \/>\n<meta property=\"og:site_name\" content=\"aquaquinta.com\" \/>\n<meta property=\"article:modified_time\" content=\"2024-02-01T07:57:34+00:00\" \/>\n<meta name=\"twitter:card\" content=\"summary_large_image\" \/>\n<meta name=\"twitter:label1\" content=\"Est. reading time\" \/>\n\t<meta name=\"twitter:data1\" content=\"3 minutes\" \/>\n<script type=\"application\/ld+json\" class=\"yoast-schema-graph\">{\"@context\":\"https:\\\/\\\/schema.org\",\"@graph\":[{\"@type\":\"WebPage\",\"@id\":\"https:\\\/\\\/www.aquaquinta.com\\\/en\\\/links\\\/optimale-klaenge-2\\\/\",\"url\":\"https:\\\/\\\/www.aquaquinta.com\\\/en\\\/links\\\/optimale-klaenge-2\\\/\",\"name\":\"Optimal sounds - aquaquinta.com\",\"isPartOf\":{\"@id\":\"https:\\\/\\\/www.aquaquinta.com\\\/#website\"},\"datePublished\":\"2018-05-04T09:38:59+00:00\",\"dateModified\":\"2024-02-01T07:57:34+00:00\",\"breadcrumb\":{\"@id\":\"https:\\\/\\\/www.aquaquinta.com\\\/en\\\/links\\\/optimale-klaenge-2\\\/#breadcrumb\"},\"inLanguage\":\"en-US\",\"potentialAction\":[{\"@type\":\"ReadAction\",\"target\":[\"https:\\\/\\\/www.aquaquinta.com\\\/en\\\/links\\\/optimale-klaenge-2\\\/\"]}]},{\"@type\":\"BreadcrumbList\",\"@id\":\"https:\\\/\\\/www.aquaquinta.com\\\/en\\\/links\\\/optimale-klaenge-2\\\/#breadcrumb\",\"itemListElement\":[{\"@type\":\"ListItem\",\"position\":1,\"name\":\"Startseite\",\"item\":\"https:\\\/\\\/www.aquaquinta.com\\\/en\\\/willkommen-2\\\/\"},{\"@type\":\"ListItem\",\"position\":2,\"name\":\"Links\",\"item\":\"https:\\\/\\\/www.aquaquinta.com\\\/en\\\/links\\\/\"},{\"@type\":\"ListItem\",\"position\":3,\"name\":\"Optimal sounds\"}]},{\"@type\":\"WebSite\",\"@id\":\"https:\\\/\\\/www.aquaquinta.com\\\/#website\",\"url\":\"https:\\\/\\\/www.aquaquinta.com\\\/\",\"name\":\"aquaquinta.com\",\"description\":\"Sound of Soul by Aquaquinta -Klang und Licht\\\/Farbe, basierend auf die HRV - Herzfrequenzvariabilit\u00e4t\\\/Heart Rate Variability\",\"potentialAction\":[{\"@type\":\"SearchAction\",\"target\":{\"@type\":\"EntryPoint\",\"urlTemplate\":\"https:\\\/\\\/www.aquaquinta.com\\\/?s={search_term_string}\"},\"query-input\":{\"@type\":\"PropertyValueSpecification\",\"valueRequired\":true,\"valueName\":\"search_term_string\"}}],\"inLanguage\":\"en-US\"}]}<\/script>\n<!-- \/ Yoast SEO plugin. -->","yoast_head_json":{"title":"Optimal sounds - aquaquinta.com","robots":{"index":"index","follow":"follow","max-snippet":"max-snippet:-1","max-image-preview":"max-image-preview:large","max-video-preview":"max-video-preview:-1"},"canonical":"https:\/\/www.aquaquinta.com\/en\/links\/optimale-klaenge-2\/","og_locale":"en_US","og_type":"article","og_title":"Optimal sounds - aquaquinta.com","og_url":"https:\/\/www.aquaquinta.com\/en\/links\/optimale-klaenge-2\/","og_site_name":"aquaquinta.com","article_modified_time":"2024-02-01T07:57:34+00:00","twitter_card":"summary_large_image","twitter_misc":{"Est. reading time":"3 minutes"},"schema":{"@context":"https:\/\/schema.org","@graph":[{"@type":"WebPage","@id":"https:\/\/www.aquaquinta.com\/en\/links\/optimale-klaenge-2\/","url":"https:\/\/www.aquaquinta.com\/en\/links\/optimale-klaenge-2\/","name":"Optimal sounds - aquaquinta.com","isPartOf":{"@id":"https:\/\/www.aquaquinta.com\/#website"},"datePublished":"2018-05-04T09:38:59+00:00","dateModified":"2024-02-01T07:57:34+00:00","breadcrumb":{"@id":"https:\/\/www.aquaquinta.com\/en\/links\/optimale-klaenge-2\/#breadcrumb"},"inLanguage":"en-US","potentialAction":[{"@type":"ReadAction","target":["https:\/\/www.aquaquinta.com\/en\/links\/optimale-klaenge-2\/"]}]},{"@type":"BreadcrumbList","@id":"https:\/\/www.aquaquinta.com\/en\/links\/optimale-klaenge-2\/#breadcrumb","itemListElement":[{"@type":"ListItem","position":1,"name":"Startseite","item":"https:\/\/www.aquaquinta.com\/en\/willkommen-2\/"},{"@type":"ListItem","position":2,"name":"Links","item":"https:\/\/www.aquaquinta.com\/en\/links\/"},{"@type":"ListItem","position":3,"name":"Optimal sounds"}]},{"@type":"WebSite","@id":"https:\/\/www.aquaquinta.com\/#website","url":"https:\/\/www.aquaquinta.com\/","name":"aquaquinta.com","description":"Sound of Soul by Aquaquinta -Klang und Licht\/Farbe, basierend auf die HRV - Herzfrequenzvariabilit\u00e4t\/Heart Rate Variability","potentialAction":[{"@type":"SearchAction","target":{"@type":"EntryPoint","urlTemplate":"https:\/\/www.aquaquinta.com\/?s={search_term_string}"},"query-input":{"@type":"PropertyValueSpecification","valueRequired":true,"valueName":"search_term_string"}}],"inLanguage":"en-US"}]}},"_links":{"self":[{"href":"https:\/\/www.aquaquinta.com\/en\/wp-json\/wp\/v2\/pages\/1956","targetHints":{"allow":["GET"]}}],"collection":[{"href":"https:\/\/www.aquaquinta.com\/en\/wp-json\/wp\/v2\/pages"}],"about":[{"href":"https:\/\/www.aquaquinta.com\/en\/wp-json\/wp\/v2\/types\/page"}],"author":[{"embeddable":true,"href":"https:\/\/www.aquaquinta.com\/en\/wp-json\/wp\/v2\/users\/1"}],"replies":[{"embeddable":true,"href":"https:\/\/www.aquaquinta.com\/en\/wp-json\/wp\/v2\/comments?post=1956"}],"version-history":[{"count":6,"href":"https:\/\/www.aquaquinta.com\/en\/wp-json\/wp\/v2\/pages\/1956\/revisions"}],"predecessor-version":[{"id":3611,"href":"https:\/\/www.aquaquinta.com\/en\/wp-json\/wp\/v2\/pages\/1956\/revisions\/3611"}],"up":[{"embeddable":true,"href":"https:\/\/www.aquaquinta.com\/en\/wp-json\/wp\/v2\/pages\/1952"}],"wp:attachment":[{"href":"https:\/\/www.aquaquinta.com\/en\/wp-json\/wp\/v2\/media?parent=1956"}],"curies":[{"name":"wp","href":"https:\/\/api.w.org\/{rel}","templated":true}]}}